{"id":63,"date":"2013-08-02T18:35:41","date_gmt":"2013-08-02T16:35:41","guid":{"rendered":"http:\/\/www.grazia-dei.at\/kazit\/?page_id=63"},"modified":"2023-04-23T20:43:49","modified_gmt":"2023-04-23T18:43:49","slug":"kontakt","status":"publish","type":"page","link":"http:\/\/www.bitsche.org\/kazit\/?page_id=63","title":{"rendered":"Kontakt und Anfrage"},"content":{"rendered":"<div>\n<p>Du suchst eine passende Blechbl\u00e4ser-Gruppe? Egal ob Zeltfest, Hochzeit oder nur f\u00fcr einen Geburtstag, unser Organisator Andreas freut sich \u00fcber deine Kontaktaufnahme<\/p>\n<p><span style=\"text-decoration: underline;\">Kontakt:<\/span><br \/>\nAndreas Bitsche<\/p>\n<p><a href=\"mailto:andi@kazit.org\">andi@kazit.org<br \/>\n<\/a><span style=\"line-height: 28px;\">(+43) 0664 514 30 52<\/span><\/p>\n<p><a style=\"line-height: 28px;\" href=\"http:\/\/www.kazit.org\/\" target=\"_blank\" rel=\"noopener noreferrer\">http:\/\/www.kazit.at<\/a><\/p>\n<\/div>\n","protected":false},"excerpt":{"rendered":"<p>Du suchst eine passende Blechbl\u00e4ser-Gruppe? Egal ob Zeltfest, Hochzeit oder nur f\u00fcr einen Geburtstag, unser Organisator Andreas freut sich \u00fcber deine Kontaktaufnahme Kontakt: Andreas Bitsche andi@kazit.org (+43) 0664 514 30 52 http:\/\/www.kazit.at<\/p>\n","protected":false},"author":1,"featured_media":0,"parent":0,"menu_order":0,"comment_status":"closed","ping_status":"closed","template":"","meta":{"footnotes":""},"class_list":["post-63","page","type-page","status-publish","hentry"],"amp_enabled":true,"_links":{"self":[{"href":"http:\/\/www.bitsche.org\/kazit\/index.php?rest_route=\/wp\/v2\/pages\/63","targetHints":{"allow":["GET"]}}],"collection":[{"href":"http:\/\/www.bitsche.org\/kazit\/index.php?rest_route=\/wp\/v2\/pages"}],"about":[{"href":"http:\/\/www.bitsche.org\/kazit\/index.php?rest_route=\/wp\/v2\/types\/page"}],"author":[{"embeddable":true,"href":"http:\/\/www.bitsche.org\/kazit\/index.php?rest_route=\/wp\/v2\/users\/1"}],"replies":[{"embeddable":true,"href":"http:\/\/www.bitsche.org\/kazit\/index.php?rest_route=%2Fwp%2Fv2%2Fcomments&post=63"}],"version-history":[{"count":7,"href":"http:\/\/www.bitsche.org\/kazit\/index.php?rest_route=\/wp\/v2\/pages\/63\/revisions"}],"predecessor-version":[{"id":525,"href":"http:\/\/www.bitsche.org\/kazit\/index.php?rest_route=\/wp\/v2\/pages\/63\/revisions\/525"}],"wp:attachment":[{"href":"http:\/\/www.bitsche.org\/kazit\/index.php?rest_route=%2Fwp%2Fv2%2Fmedia&parent=63"}],"curies":[{"name":"wp","href":"https:\/\/api.w.org\/{rel}","templated":true}]}}